{"id":18,"date":"2019-06-28T05:20:04","date_gmt":"2019-06-28T05:20:04","guid":{"rendered":"https:\/\/gpsites.co\/grill\/?page_id=18"},"modified":"2024-11-13T14:24:23","modified_gmt":"2024-11-13T13:24:23","slug":"your-favorite-restaurant","status":"publish","type":"page","link":"https:\/\/lowiskowarszawa.pl\/","title":{"rendered":"twoje ulubione \u0142owisko"},"content":{"rendered":"<div class=\"gb-container gb-container-cd418881\">\n<div class=\"gb-grid-wrapper gb-grid-wrapper-99f33366\">\n<div class=\"gb-grid-column gb-grid-column-ffe6fd60\"><div class=\"gb-container gb-container-ffe6fd60\">\n\n<h2 class=\"gb-headline gb-headline-b0071fad gb-headline-text\">lowiskowarszawa.pl<\/h2>\n\n\n\n<p class=\"gb-headline gb-headline-c58757ae gb-headline-text\">ul&nbsp; Pa\u0142acowa 1<br>05- 816 Micha\u0142owice-Wie<\/p>\n\n\n\n<p class=\"gb-headline gb-headline-d260814d gb-headline-text\">Telefon: <a href=\"tel:###-###-####\">609 773 775<\/a><\/p>\n\n\n\n<p class=\"gb-headline gb-headline-4b853085 gb-headline-text\"><strong>Godziny otwarcia<\/strong><br>Poniedzia\u0142ek &#8211; Niedziela: <strong>7:00 &#8211; 23:00<\/strong><\/p>\n\n<\/div><\/div>\n<\/div>\n\n\n<iframe src=\"https:\/\/www.google.com\/maps\/embed?pb=!1m14!1m8!1m3!1d156673.6882103958!2d20.889392!3d52.15203!3m2!1i1024!2i768!4f13.1!3m3!1m2!1s0x471935622e1c3f93%3A0xccee35f9f10abf7b!2sCamping%20Warszawa!5e0!3m2!1spl!2spl!4v1688403651965!5m2!1spl!2spl\" width=\"100%\" height=\"400px\" style=\"border:0;\" allowfullscreen=\"\" loading=\"lazy\" referrerpolicy=\"no-referrer-when-downgrade\"><\/iframe>\n\n<\/div>\n\n<div class=\"gb-container gb-container-8198298a\">\n<div class=\"gb-container gb-container-3c53bbf8\">\n\n<h2 class=\"gb-headline gb-headline-5f1b4fe6 gb-headline-text\"><strong>\u0141owiska Warszawa &#8211; Twoje Miejsce na W\u0119dkarsk\u0105 Przygod\u0119<\/strong><\/h2>\n\n\n\n<div class=\"gb-headline gb-headline-27c8f194 gb-headline-text\">Witamy na stronie \u0141owiska Warszawa, gdzie pasja do w\u0119dkarstwa spotyka si\u0119 z pi\u0119knem natury. Nasze \u0142owiska to idealne miejsca dla ka\u017cdego w\u0119dkarza, niezale\u017cnie od poziomu do\u015bwiadczenia. Oferujemy r\u00f3\u017cnorodne \u0142owiska, kt\u00f3re zaspokoj\u0105 potrzeby zar\u00f3wno amator\u00f3w, jak i profesjonalist\u00f3w.<br><br>Dla tych, kt\u00f3rzy preferuj\u0105 r\u00f3\u017cnorodno\u015b\u0107, mamy&nbsp;<strong>\u0141owisko Rekreacyjne<\/strong>, idealne do metody feeder, sp\u0142awik czy spinning.<br>Nasze \u0142owiska to nie tylko miejsce do w\u0119dkowania, ale tak\u017ce przestrze\u0144 do relaksu i sp\u0119dzania czasu z rodzin\u0105 i przyjaci\u00f3\u0142mi. Organizujemy liczne wydarzenia, takie jak zawody w\u0119dkarskie, spotkania towarzyskie oraz specjalne dni dla dzieci.<br>Zapraszamy do odwiedzenia naszych \u0142owisk przez ca\u0142y tydzie\u0144, a w weekendy oferujemy r\u00f3wnie\u017c mo\u017cliwo\u015b\u0107 w\u0119dkowania nocnego po wcze\u015bniejszej rezerwacji. Do\u0142\u0105cz do naszej spo\u0142eczno\u015bci i odkryj magi\u0119 w\u0119dkowania w sercu Mazowsza!<\/div>\n\n<\/div>\n<\/div>","protected":false},"excerpt":{"rendered":"<p>\u0141owiska Warszawa &#8211; Twoje Miejsce na W\u0119dkarsk\u0105 Przygod\u0119 Witamy na stronie \u0141owiska Warszawa, gdzie pasja do w\u0119dkarstwa spotyka si\u0119 z pi\u0119knem natury. Nasze \u0142owiska to idealne miejsca dla ka\u017cdego w\u0119dkarza, niezale\u017cnie od poziomu do\u015bwiadczenia. Oferujemy r\u00f3\u017cnorodne \u0142owiska, kt\u00f3re zaspokoj\u0105 potrzeby zar\u00f3wno amator\u00f3w, jak i profesjonalist\u00f3w. Dla tych, kt\u00f3rzy preferuj\u0105 r\u00f3\u017cnorodno\u015b\u0107, mamy&nbsp;\u0141owisko Rekreacyjne, idealne do metody &#8230; <a title=\"twoje ulubione \u0142owisko\" class=\"read-more\" href=\"https:\/\/lowiskowarszawa.pl\/\" aria-label=\"Read more about twoje ulubione \u0142owisko\">Read more<\/a><\/p>\n","protected":false},"author":1,"featured_media":0,"parent":0,"menu_order":0,"comment_status":"closed","ping_status":"closed","template":"","meta":{"footnotes":""},"class_list":["post-18","page","type-page","status-publish"],"_links":{"self":[{"href":"https:\/\/lowiskowarszawa.pl\/index.php\/wp-json\/wp\/v2\/pages\/18","targetHints":{"allow":["GET"]}}],"collection":[{"href":"https:\/\/lowiskowarszawa.pl\/index.php\/wp-json\/wp\/v2\/pages"}],"about":[{"href":"https:\/\/lowiskowarszawa.pl\/index.php\/wp-json\/wp\/v2\/types\/page"}],"author":[{"embeddable":true,"href":"https:\/\/lowiskowarszawa.pl\/index.php\/wp-json\/wp\/v2\/users\/1"}],"replies":[{"embeddable":true,"href":"https:\/\/lowiskowarszawa.pl\/index.php\/wp-json\/wp\/v2\/comments?post=18"}],"version-history":[{"count":10,"href":"https:\/\/lowiskowarszawa.pl\/index.php\/wp-json\/wp\/v2\/pages\/18\/revisions"}],"predecessor-version":[{"id":462,"href":"https:\/\/lowiskowarszawa.pl\/index.php\/wp-json\/wp\/v2\/pages\/18\/revisions\/462"}],"wp:attachment":[{"href":"https:\/\/lowiskowarszawa.pl\/index.php\/wp-json\/wp\/v2\/media?parent=18"}],"curies":[{"name":"wp","href":"https:\/\/api.w.org\/{rel}","templated":true}]}}